{"id":2280,"date":"2025-09-05T13:25:12","date_gmt":"2025-09-05T11:25:12","guid":{"rendered":"https:\/\/batne.no\/management-for-hire\/"},"modified":"2025-10-07T09:09:44","modified_gmt":"2025-10-07T07:09:44","slug":"management-for-hire","status":"publish","type":"page","link":"https:\/\/batne.no\/en\/management-for-hire\/","title":{"rendered":"Management for hire"},"content":{"rendered":"\n<div style=\"height:50px\" aria-hidden=\"true\" class=\"wp-block-spacer\"><\/div>\n\n<div class=\"wp-block-columns is-layout-flex wp-container-core-columns-is-layout-9d6595d7 wp-block-columns-is-layout-flex\">\n<div class=\"wp-block-column is-layout-flow wp-block-column-is-layout-flow\">\n<figure class=\"wp-block-image size-full is-resized icon-batne\"><img decoding=\"async\" src=\"https:\/\/batne.no\/wp-content\/uploads\/2024\/03\/batne-rekruttering-beige.svg\" alt=\"Recruitment icon\" class=\"wp-image-609\" style=\"width:130px\"\/><\/figure>\n<\/div>\n\n\n\n<div class=\"wp-block-column is-layout-flow wp-block-column-is-layout-flow\" style=\"flex-basis:80%\">\n<p>Sometimes things just need to be solved &#8211; quickly and properly. With Management for hire, you get temporary managers and specialists who can take control from day one. <\/p>\n\n\n\n<p>We help businesses in Grenland, Telemark and Vestfold to fill key roles in management, projects, finance, HR, IT and more.Flexible, quality assured &#8211; and tailored to your needs.<\/p>\n\n\n\n<p>\ud83d\udd11 Want to know more about how we can strengthen your team at short notice?<\/p>\n\n\n\n<p><br\/>Read more about Management for hire <a href=\"https:\/\/batne.no\/en\/recruitment\/interim-leaders\/\">here<\/a>, or get in touch <a href=\"https:\/\/batne.no\/en\/contact-us\/\">here<\/a> &#8211; we&#8217;d love to chat.<\/p>\n<\/div>\n<\/div>\n\n<div style=\"height:10px\" aria-hidden=\"true\" class=\"wp-block-spacer\"><\/div>\n<section class=\"align wp-block-linkingpages bg-white py-10 fullwidth 2xl:px-2\">\n    <div class=\"max-w-content-full mx-auto px-10 sm:px-10 2xl:px-14\">\n      <h2 class=\"mb-10\">Roles we are recruiting for: <\/h2>\n      \n      \n    <\/div>\n   \n\n\n\n\n\n\n    <div class=\"max-w-content-full grid grid-cols-1 md:grid-cols-2  lg:grid-cols-3  gap-5 px-10 sm:px-10 2xl:px-14 items-stretch mx-auto\">\n      \n      \n        <article class=\"w-full h-full relative flex items-stretch flex-col\">\n        <a class=\"group flex flex-col items-stretch relative h-full gap-3\" href=\"https:\/\/batne.no\/rekruttering\/ledererekruteringer\/\" title=\"Les mer om Ledere\">\n                  \n              <div class=\"linkingpages-top-half\">\n                  <div class=\"image-linkingpages\">\n                    <img decoding=\"async\" src=\"https:\/\/batne.no\/wp-content\/uploads\/2024\/03\/Stig-og-Laila-i-Batne-1600x1067.jpg\" alt=\"Image\" class=\"w-full h-full rounded-2xl\">\n                  <\/div>\n              <\/div>\n                          <div class=\"group linkingpages-bottom-half bg-primary bg-grundigrod p-6 h-full rounded-2xl group-hover:bg-opacity-90 \">\n                  <h1 class=\"linkingpages-header text-3xl lg:text-4xl text-folkeligbeige mb-3 text-left pt-2\">Ledere<\/h1>\n                                      <p class=\"linkingpages-text text-lg  text-white  text-left pt-2 mb-2\">Vi har et stort nettverk av kandidater. Noen bor allerede i regionen, og andre \u00f8nsker \u00e5 komme hit. Vi blir din sparringpartner i prosessen og bidrar med innsikt, kjennskap og kompetanse.\u00a0\u00a0<\/p>\n                                                        <p class=\"linkingpages-text text-lg   text-white  text-left underline underline-offset-2 group-hover:no-underline pb-1 pt-2  mb-0\">Les mer<\/p>\n                                <\/div>\n        <\/a>\n        <\/article>\n\n        \n      \n      \n        <article class=\"w-full h-full relative flex items-stretch flex-col\">\n        <a class=\"group flex flex-col items-stretch relative h-full gap-3\" href=\"https:\/\/batne.no\/rekruttering\/fagspesialister\/\" title=\"Les mer om Fagspesialister\">\n                  \n              <div class=\"linkingpages-top-half\">\n                  <div class=\"image-linkingpages\">\n                    <img decoding=\"async\" src=\"https:\/\/batne.no\/wp-content\/uploads\/2024\/03\/God-samtale-i-moterom-1600x1067.jpg\" alt=\"Image\" class=\"w-full h-full rounded-2xl\">\n                  <\/div>\n              <\/div>\n                          <div class=\"group linkingpages-bottom-half bg-primary bg-grundigrod p-6 h-full rounded-2xl group-hover:bg-opacity-90 \">\n                  <h1 class=\"linkingpages-header text-3xl lg:text-4xl text-folkeligbeige mb-3 text-left pt-2\">Fagspesialister<\/h1>\n                                      <p class=\"linkingpages-text text-lg  text-white  text-left pt-2 mb-2\">Siden 2008 har vi rekruttert fagspesialister til faste og midlertidige stillinger i mange bransjer og innen et bredt utvalg av fagomr\u00e5der.<\/p>\n                                                        <p class=\"linkingpages-text text-lg   text-white  text-left underline underline-offset-2 group-hover:no-underline pb-1 pt-2  mb-0\">Les mer<\/p>\n                                <\/div>\n        <\/a>\n        <\/article>\n\n        \n          <\/div>\n    <div>\n      <div class=\"acf-innerblocks-container\">\n\n<p><\/p>\n\n<\/div>\n    <\/div>\n  <\/section>\n  <section class=\"align wp-block-linkingpages bg-white py-10 fullwidth 2xl:px-2\">\n    <div class=\"max-w-content-full mx-auto px-10 sm:px-10 2xl:px-14\">\n      <h2 class=\"mb-10\">Expertise<\/h2>\n      \n      \n    <\/div>\n   \n\n\n\n\n\n\n    <div class=\"max-w-content-full grid grid-cols-1 md:grid-cols-2  lg:grid-cols-3  gap-5 px-10 sm:px-10 2xl:px-14 items-stretch mx-auto\">\n      \n      \n        <article class=\"w-full h-full relative flex items-stretch flex-col\">\n        <a class=\"group flex flex-col items-stretch relative h-full gap-3\" href=\"https:\/\/batne.no\/rekruttering\/midlertidig-stillinger\/\" title=\"Les mer om Midlertidige stillinger\">\n                          <div class=\"group linkingpages-bottom-half bg-primary bg-folkeligbeige p-6 h-full rounded-2xl group-hover:bg-opacity-90 \">\n                  <h1 class=\"linkingpages-header text-3xl lg:text-4xl text-primary mb-3 text-left pt-2\">Midlertidige stillinger<\/h1>\n                                      <p class=\"linkingpages-text text-lg  text-black  text-left pt-2 mb-2\">I noen tilfeller kan man \u00f8nske \u00e5 rekruttere inn en kandidat til \u00e5 fylle en midlertidig stilling i organisasjonen.\u00a0Forskjellen fra en vikar-prosess er at ansettelsesforholdet blir direkte i din virksomhet, og ikke hos oss.<\/p>\n                                                  <\/div>\n        <\/a>\n        <\/article>\n\n        \n      \n      \n        <article class=\"w-full h-full relative flex items-stretch flex-col\">\n        <a class=\"group flex flex-col items-stretch relative h-full gap-3\" href=\"https:\/\/batne.no\/fagomrader\/\" title=\"Les mer om Fagomr\u00e5der\">\n                          <div class=\"group linkingpages-bottom-half bg-primary bg-folkeligbeige p-6 h-full rounded-2xl group-hover:bg-opacity-90 \">\n                  <h1 class=\"linkingpages-header text-3xl lg:text-4xl text-primary mb-3 text-left pt-2\">Fagomr\u00e5der<\/h1>\n                                      <p class=\"linkingpages-text text-lg  text-black  text-left pt-2 mb-2\">Vi leverer personell til de fleste bransjer. Likevel har vi etter lang fartstid opparbeidet oss spesialkompetanse p\u00e5 visse fagomr\u00e5der, hvor vi kan tilby den innsikt, erfaring og kompetanse som trengs for \u00e5 sikre rett kandidat til riktig rolle.<\/p>\n                                                        <p class=\"linkingpages-text text-lg   text-black  text-left underline underline-offset-2 group-hover:no-underline pb-1 pt-2  mb-0\">Les mer<\/p>\n                                <\/div>\n        <\/a>\n        <\/article>\n\n        \n          <\/div>\n    <div>\n      <div class=\"acf-innerblocks-container\"><\/div>\n    <\/div>\n  <\/section>\n  \n<div style=\"height:40px\" aria-hidden=\"true\" class=\"wp-block-spacer\"><\/div>\n\n<div class=\"wp-block-cover wp-elements-175a098903344e83aa2662f9abc8d106\"><span aria-hidden=\"true\" class=\"wp-block-cover__background has-grundigrod-default-background-color has-background-dim-100 has-background-dim\"><\/span><div class=\"wp-block-cover__inner-container is-layout-constrained wp-block-cover-is-layout-constrained\"><section class=\"align is-style-normal bg-transparent wp-block-banner h-auto  rounded-2xl  relative flex-wrap sm:flex-nowrap flex gap-6 justify-start items-strech bg-folkeligbeige\">\n            <div class=\"inner-wrap max-w-screen-2xl z-10 px-6 md:px-10 w-full h-auto md:flex justify-left content-left self-center mx-auto relative justify-items-stretch py-4 md:py-8 \">\n            <div class=\"md:flex md:flex-col justify-items-start \">\n                <h2 class=\"text-grundigrod text-3xl md:text-4xl font-display mb-6 leading-tight balance max-w-[750px]\">We are the local door opener, and the key to successful hirings.<\/h2>\n                                    <p class=\"text-lg lg:text-xl balance max-w-[750px]\">In Batne, we bring people together. Through thorough processes, we help you find the right candidate &#8211; or perhaps the dreamjob itself. Do you want to create good times at work? Get in touch with us!<\/p>\n                \n                <div class=\"acf-innerblocks-container\">\n\n<div class=\"wp-block-buttons hover:bg-folkeligbeige is-layout-flex wp-block-buttons-is-layout-flex\">\n<div class=\"wp-block-button is-style-fill\"><a class=\"wp-block-button__link has-folkeligbeige-default-background-color has-background wp-element-button\" href=\"https:\/\/batne.no\/en\/contact-us\/\" style=\"border-radius:1rem\">Contact us<\/a><\/div>\n<\/div>\n\n<\/div>      \n            <\/div>\n        <\/div>\n        <div class=\"h-auto relative w-full  grid md:flex md:w-6\/12\">\n          <img loading=\"lazy\" decoding=\"async\" width=\"2560\" height=\"1643\" src=\"https:\/\/batne.no\/wp-content\/uploads\/2024\/03\/Hele-teamet-i-Batne-scaled.jpg\" class=\"object-cover rounded-2xl md:absolute top-0 center-0 w-full h-full object-center z-0\" alt=\"\" srcset=\"https:\/\/batne.no\/wp-content\/uploads\/2024\/03\/Hele-teamet-i-Batne-scaled.jpg 2560w, https:\/\/batne.no\/wp-content\/uploads\/2024\/03\/Hele-teamet-i-Batne-300x193.jpg 300w, https:\/\/batne.no\/wp-content\/uploads\/2024\/03\/Hele-teamet-i-Batne-1024x657.jpg 1024w, https:\/\/batne.no\/wp-content\/uploads\/2024\/03\/Hele-teamet-i-Batne-768x493.jpg 768w, https:\/\/batne.no\/wp-content\/uploads\/2024\/03\/Hele-teamet-i-Batne-1536x986.jpg 1536w, https:\/\/batne.no\/wp-content\/uploads\/2024\/03\/Hele-teamet-i-Batne-2048x1315.jpg 2048w\" sizes=\"auto, (max-width: 2560px) 100vw, 2560px\" \/>        <\/div>\n\n    <\/section>\n<\/div><\/div>\n","protected":false},"excerpt":{"rendered":"<p>Sometimes things just need to be solved &#8211; quickly and properly. With Management for hire, you get temporary managers and specialists who can take control from day one. We help businesses in Grenland, Telemark and Vestfold to fill key roles in management, projects, finance, HR, IT and more.Flexible, quality assured &#8211; and tailored to your &hellip;<\/p>\n","protected":false},"author":2,"featured_media":1230,"parent":0,"menu_order":0,"comment_status":"closed","ping_status":"closed","template":"","meta":{"_acf_changed":false,"footnotes":""},"class_list":["post-2280","page","type-page","status-publish","has-post-thumbnail","hentry"],"acf":[],"yoast_head":"<!-- This site is optimized with the Yoast SEO plugin v26.7 - https:\/\/yoast.com\/wordpress\/plugins\/seo\/ -->\n<title>Management for hire - Batne<\/title>\n<meta name=\"description\" content=\"Need interim leadership? Batne delivers experienced managers through flexible hiring\u2014tailored to your business and ready when you need them.\" \/>\n<meta name=\"robots\" content=\"index, follow, max-snippet:-1, max-image-preview:large, max-video-preview:-1\" \/>\n<link rel=\"canonical\" href=\"https:\/\/batne.no\/en\/management-for-hire\/\" \/>\n<meta property=\"og:locale\" content=\"en_US\" \/>\n<meta property=\"og:type\" content=\"article\" \/>\n<meta property=\"og:title\" content=\"Management for hire - Batne\" \/>\n<meta property=\"og:description\" content=\"Need interim leadership? Batne delivers experienced managers through flexible hiring\u2014tailored to your business and ready when you need them.\" \/>\n<meta property=\"og:url\" content=\"https:\/\/batne.no\/en\/management-for-hire\/\" \/>\n<meta property=\"og:site_name\" content=\"Batne\" \/>\n<meta property=\"article:publisher\" content=\"https:\/\/www.facebook.com\/batneas\/?locale=nb_NO\" \/>\n<meta property=\"article:modified_time\" content=\"2025-10-07T07:09:44+00:00\" \/>\n<meta property=\"og:image\" content=\"https:\/\/batne.no\/wp-content\/uploads\/2024\/03\/toppbilde-rekruttering-2600x14402-1-scaled.jpg\" \/>\n\t<meta property=\"og:image:width\" content=\"2560\" \/>\n\t<meta property=\"og:image:height\" content=\"1418\" \/>\n\t<meta property=\"og:image:type\" content=\"image\/jpeg\" \/>\n<meta name=\"twitter:card\" content=\"summary_large_image\" \/>\n<meta name=\"twitter:label1\" content=\"Est. reading time\" \/>\n\t<meta name=\"twitter:data1\" content=\"1 minute\" \/>\n<script type=\"application\/ld+json\" class=\"yoast-schema-graph\">{\"@context\":\"https:\/\/schema.org\",\"@graph\":[{\"@type\":\"WebPage\",\"@id\":\"https:\/\/batne.no\/en\/management-for-hire\/\",\"url\":\"https:\/\/batne.no\/en\/management-for-hire\/\",\"name\":\"Management for hire - Batne\",\"isPartOf\":{\"@id\":\"https:\/\/batne.no\/en\/#website\"},\"primaryImageOfPage\":{\"@id\":\"https:\/\/batne.no\/en\/management-for-hire\/#primaryimage\"},\"image\":{\"@id\":\"https:\/\/batne.no\/en\/management-for-hire\/#primaryimage\"},\"thumbnailUrl\":\"https:\/\/batne.no\/wp-content\/uploads\/2024\/03\/toppbilde-rekruttering-2600x14402-1-scaled.jpg\",\"datePublished\":\"2025-09-05T11:25:12+00:00\",\"dateModified\":\"2025-10-07T07:09:44+00:00\",\"description\":\"Need interim leadership? Batne delivers experienced managers through flexible hiring\u2014tailored to your business and ready when you need them.\",\"breadcrumb\":{\"@id\":\"https:\/\/batne.no\/en\/management-for-hire\/#breadcrumb\"},\"inLanguage\":\"en-US\",\"potentialAction\":[{\"@type\":\"ReadAction\",\"target\":[\"https:\/\/batne.no\/en\/management-for-hire\/\"]}]},{\"@type\":\"ImageObject\",\"inLanguage\":\"en-US\",\"@id\":\"https:\/\/batne.no\/en\/management-for-hire\/#primaryimage\",\"url\":\"https:\/\/batne.no\/wp-content\/uploads\/2024\/03\/toppbilde-rekruttering-2600x14402-1-scaled.jpg\",\"contentUrl\":\"https:\/\/batne.no\/wp-content\/uploads\/2024\/03\/toppbilde-rekruttering-2600x14402-1-scaled.jpg\",\"width\":2560,\"height\":1418},{\"@type\":\"BreadcrumbList\",\"@id\":\"https:\/\/batne.no\/en\/management-for-hire\/#breadcrumb\",\"itemListElement\":[{\"@type\":\"ListItem\",\"position\":1,\"name\":\"Hjem\",\"item\":\"https:\/\/batne.no\/en\/\"},{\"@type\":\"ListItem\",\"position\":2,\"name\":\"Management for hire\"}]},{\"@type\":\"WebSite\",\"@id\":\"https:\/\/batne.no\/en\/#website\",\"url\":\"https:\/\/batne.no\/en\/\",\"name\":\"Batne.no\",\"description\":\"We help people find together\",\"publisher\":{\"@id\":\"https:\/\/batne.no\/en\/#organization\"},\"potentialAction\":[{\"@type\":\"SearchAction\",\"target\":{\"@type\":\"EntryPoint\",\"urlTemplate\":\"https:\/\/batne.no\/en\/?s={search_term_string}\"},\"query-input\":{\"@type\":\"PropertyValueSpecification\",\"valueRequired\":true,\"valueName\":\"search_term_string\"}}],\"inLanguage\":\"en-US\"},{\"@type\":\"Organization\",\"@id\":\"https:\/\/batne.no\/en\/#organization\",\"name\":\"Batne\",\"url\":\"https:\/\/batne.no\/en\/\",\"logo\":{\"@type\":\"ImageObject\",\"inLanguage\":\"en-US\",\"@id\":\"https:\/\/batne.no\/en\/#\/schema\/logo\/image\/\",\"url\":\"https:\/\/batne.no\/wp-content\/uploads\/2024\/04\/batne-logo-stabil-brun.svg\",\"contentUrl\":\"https:\/\/batne.no\/wp-content\/uploads\/2024\/04\/batne-logo-stabil-brun.svg\",\"caption\":\"Batne\"},\"image\":{\"@id\":\"https:\/\/batne.no\/en\/#\/schema\/logo\/image\/\"},\"sameAs\":[\"https:\/\/www.facebook.com\/batneas\/?locale=nb_NO\",\"https:\/\/www.linkedin.com\/company\/batne\"]}]}<\/script>\n<!-- \/ Yoast SEO plugin. -->","yoast_head_json":{"title":"Management for hire - Batne","description":"Need interim leadership? Batne delivers experienced managers through flexible hiring\u2014tailored to your business and ready when you need them.","robots":{"index":"index","follow":"follow","max-snippet":"max-snippet:-1","max-image-preview":"max-image-preview:large","max-video-preview":"max-video-preview:-1"},"canonical":"https:\/\/batne.no\/en\/management-for-hire\/","og_locale":"en_US","og_type":"article","og_title":"Management for hire - Batne","og_description":"Need interim leadership? Batne delivers experienced managers through flexible hiring\u2014tailored to your business and ready when you need them.","og_url":"https:\/\/batne.no\/en\/management-for-hire\/","og_site_name":"Batne","article_publisher":"https:\/\/www.facebook.com\/batneas\/?locale=nb_NO","article_modified_time":"2025-10-07T07:09:44+00:00","og_image":[{"width":2560,"height":1418,"url":"https:\/\/batne.no\/wp-content\/uploads\/2024\/03\/toppbilde-rekruttering-2600x14402-1-scaled.jpg","type":"image\/jpeg"}],"twitter_card":"summary_large_image","twitter_misc":{"Est. reading time":"1 minute"},"schema":{"@context":"https:\/\/schema.org","@graph":[{"@type":"WebPage","@id":"https:\/\/batne.no\/en\/management-for-hire\/","url":"https:\/\/batne.no\/en\/management-for-hire\/","name":"Management for hire - Batne","isPartOf":{"@id":"https:\/\/batne.no\/en\/#website"},"primaryImageOfPage":{"@id":"https:\/\/batne.no\/en\/management-for-hire\/#primaryimage"},"image":{"@id":"https:\/\/batne.no\/en\/management-for-hire\/#primaryimage"},"thumbnailUrl":"https:\/\/batne.no\/wp-content\/uploads\/2024\/03\/toppbilde-rekruttering-2600x14402-1-scaled.jpg","datePublished":"2025-09-05T11:25:12+00:00","dateModified":"2025-10-07T07:09:44+00:00","description":"Need interim leadership? Batne delivers experienced managers through flexible hiring\u2014tailored to your business and ready when you need them.","breadcrumb":{"@id":"https:\/\/batne.no\/en\/management-for-hire\/#breadcrumb"},"inLanguage":"en-US","potentialAction":[{"@type":"ReadAction","target":["https:\/\/batne.no\/en\/management-for-hire\/"]}]},{"@type":"ImageObject","inLanguage":"en-US","@id":"https:\/\/batne.no\/en\/management-for-hire\/#primaryimage","url":"https:\/\/batne.no\/wp-content\/uploads\/2024\/03\/toppbilde-rekruttering-2600x14402-1-scaled.jpg","contentUrl":"https:\/\/batne.no\/wp-content\/uploads\/2024\/03\/toppbilde-rekruttering-2600x14402-1-scaled.jpg","width":2560,"height":1418},{"@type":"BreadcrumbList","@id":"https:\/\/batne.no\/en\/management-for-hire\/#breadcrumb","itemListElement":[{"@type":"ListItem","position":1,"name":"Hjem","item":"https:\/\/batne.no\/en\/"},{"@type":"ListItem","position":2,"name":"Management for hire"}]},{"@type":"WebSite","@id":"https:\/\/batne.no\/en\/#website","url":"https:\/\/batne.no\/en\/","name":"Batne.no","description":"We help people find together","publisher":{"@id":"https:\/\/batne.no\/en\/#organization"},"potentialAction":[{"@type":"SearchAction","target":{"@type":"EntryPoint","urlTemplate":"https:\/\/batne.no\/en\/?s={search_term_string}"},"query-input":{"@type":"PropertyValueSpecification","valueRequired":true,"valueName":"search_term_string"}}],"inLanguage":"en-US"},{"@type":"Organization","@id":"https:\/\/batne.no\/en\/#organization","name":"Batne","url":"https:\/\/batne.no\/en\/","logo":{"@type":"ImageObject","inLanguage":"en-US","@id":"https:\/\/batne.no\/en\/#\/schema\/logo\/image\/","url":"https:\/\/batne.no\/wp-content\/uploads\/2024\/04\/batne-logo-stabil-brun.svg","contentUrl":"https:\/\/batne.no\/wp-content\/uploads\/2024\/04\/batne-logo-stabil-brun.svg","caption":"Batne"},"image":{"@id":"https:\/\/batne.no\/en\/#\/schema\/logo\/image\/"},"sameAs":["https:\/\/www.facebook.com\/batneas\/?locale=nb_NO","https:\/\/www.linkedin.com\/company\/batne"]}]}},"_links":{"self":[{"href":"https:\/\/batne.no\/en\/wp-json\/wp\/v2\/pages\/2280","targetHints":{"allow":["GET"]}}],"collection":[{"href":"https:\/\/batne.no\/en\/wp-json\/wp\/v2\/pages"}],"about":[{"href":"https:\/\/batne.no\/en\/wp-json\/wp\/v2\/types\/page"}],"author":[{"embeddable":true,"href":"https:\/\/batne.no\/en\/wp-json\/wp\/v2\/users\/2"}],"replies":[{"embeddable":true,"href":"https:\/\/batne.no\/en\/wp-json\/wp\/v2\/comments?post=2280"}],"version-history":[{"count":6,"href":"https:\/\/batne.no\/en\/wp-json\/wp\/v2\/pages\/2280\/revisions"}],"predecessor-version":[{"id":2368,"href":"https:\/\/batne.no\/en\/wp-json\/wp\/v2\/pages\/2280\/revisions\/2368"}],"wp:featuredmedia":[{"embeddable":true,"href":"https:\/\/batne.no\/en\/wp-json\/wp\/v2\/media\/1230"}],"wp:attachment":[{"href":"https:\/\/batne.no\/en\/wp-json\/wp\/v2\/media?parent=2280"}],"curies":[{"name":"wp","href":"https:\/\/api.w.org\/{rel}","templated":true}]}}